{"id":8,"date":"2025-08-10T12:19:54","date_gmt":"2025-08-10T12:19:54","guid":{"rendered":"https:\/\/bv-gangolf.de\/?page_id=8"},"modified":"2025-08-26T16:57:03","modified_gmt":"2025-08-26T16:57:03","slug":"__trashed","status":"publish","type":"page","link":"https:\/\/bv-gangolf.de\/?page_id=8","title":{"rendered":"Vorwort"},"content":{"rendered":"\t\t<div data-elementor-type=\"wp-page\" data-elementor-id=\"8\" class=\"elementor elementor-8\">\n\t\t\t\t<div class=\"elementor-element elementor-element-91d413e e-flex e-con-boxed e-con e-parent\" data-id=\"91d413e\" data-element_type=\"container\">\n\t\t\t\t\t<div class=\"e-con-inner\">\n\t\t\t\t<div class=\"elementor-element elementor-element-1894b6f elementor-widget elementor-widget-heading\" data-id=\"1894b6f\" data-element_type=\"widget\" data-widget_type=\"heading.default\">\n\t\t\t\t\t<h2 class=\"elementor-heading-title elementor-size-default\">Werter Besucher,\nliebe B\u00fcrgervereins - Mitglieder und Freunde.\n<\/h2>\t\t\t\t<\/div>\n\t\t\t\t\t<\/div>\n\t\t\t\t<\/div>\n\t\t<div class=\"elementor-element elementor-element-457f204 e-flex e-con-boxed e-con e-parent\" data-id=\"457f204\" data-element_type=\"container\">\n\t\t\t\t\t<div class=\"e-con-inner\">\n\t\t\t\t<div class=\"elementor-element elementor-element-9abaad3 elementor-widget elementor-widget-image\" data-id=\"9abaad3\" data-element_type=\"widget\" data-widget_type=\"image.default\">\n\t\t\t\t\t\t\t\t\t\t\t\t\t\t\t<img fetchpriority=\"high\" decoding=\"async\" width=\"262\" height=\"364\" src=\"https:\/\/bv-gangolf.de\/wp-content\/uploads\/2025\/08\/KalbMichael.jpg\" class=\"attachment-large size-large wp-image-13\" alt=\"\" srcset=\"https:\/\/bv-gangolf.de\/wp-content\/uploads\/2025\/08\/KalbMichael.jpg 262w, https:\/\/bv-gangolf.de\/wp-content\/uploads\/2025\/08\/KalbMichael-216x300.jpg 216w\" sizes=\"(max-width: 262px) 100vw, 262px\" \/>\t\t\t\t\t\t\t\t\t\t\t\t\t\t\t<\/div>\n\t\t\t\t\t<\/div>\n\t\t\t\t<\/div>\n\t\t<div class=\"elementor-element elementor-element-792ac8d e-flex e-con-boxed e-con e-parent\" data-id=\"792ac8d\" data-element_type=\"container\">\n\t\t\t\t\t<div class=\"e-con-inner\">\n\t\t\t\t<div class=\"elementor-element elementor-element-44bba86 elementor-widget elementor-widget-text-editor\" data-id=\"44bba86\" data-element_type=\"widget\" data-widget_type=\"text-editor.default\">\n\t\t\t\t\t\t\t\t\t<table width=\"440\"><tbody><tr><td><p>Der B\u00fcrgerverein\u00a0<strong>\u201eGangolf 2. Distrikt Bamberg e.V.\u201c<\/strong><br \/>z\u00e4hlt zu den urspr\u00fcnglich vier Distrikten, die eine mehr als 100j\u00e4hrige Geschichte nachweisen k\u00f6nnen.<br \/>Heute gibt es neun Distrikte mit insgesamt 16 B\u00fcrgervereinen, die in einer Arbeitsgemeinschaft zusammen-geschlossen sind. Vereinsgr\u00fcndungen in neuester Zeit erfolgen vor allem in Neubaugebieten.<br \/>Jeder B\u00fcrgerverein hat unterschiedliche Aufgaben und Schwerpunkte. Kirchweihen, kulturelle und gesellige Veranstaltungen, Bildungsreisen und Diskussionsabende stehen an vorderster Stelle.<br \/>Als Ansprechpartner f\u00fcr B\u00fcrger, Impulsgeber f\u00fcr Anregungen und Bedenken gegen\u00fcber st\u00e4dtischen Beh\u00f6rden verlangen und fordern viele Aktivit\u00e4ten. Geschichtliche und heimatkundliche F\u00fchrungen und Veranstaltungen werden ebenso gepflegt wie Darstellungen in Wort und Bild.<\/p><p>Hier auf diesen Seiten finden Sie Informationen \u00fcber die T\u00e4tigkeiten des B\u00fcrgervereins und seinen Veranstaltungen.<\/p><p>In einer Bildergalerie geben wir R\u00fcckblicke unserer Aktivit\u00e4ten.<\/p><\/td><\/tr><tr><td><p>Besuchen Sie uns doch einmal auf einer unserer Veranstaltungen.<br \/>Sie sind uns immer herzlich willkommen.<\/p><p>Ihr Michael Kalb ( 1. Vorsitzender)<\/p><\/td><\/tr><tr><td>\u00a0<\/td><\/tr><tr><td>\u00a0<\/td><\/tr><\/tbody><\/table>\t\t\t\t\t\t\t\t<\/div>\n\t\t\t\t\t<\/div>\n\t\t\t\t<\/div>\n\t\t<div class=\"elementor-element elementor-element-3051825 e-flex e-con-boxed e-con e-parent\" data-id=\"3051825\" data-element_type=\"container\">\n\t\t\t\t\t<div class=\"e-con-inner\">\n\t\t\t\t<div class=\"elementor-element elementor-element-12c47b3 elementor-widget elementor-widget-spacer\" data-id=\"12c47b3\" data-element_type=\"widget\" data-widget_type=\"spacer.default\">\n\t\t\t\t\t\t\t<div class=\"elementor-spacer\">\n\t\t\t<div class=\"elementor-spacer-inner\"><\/div>\n\t\t<\/div>\n\t\t\t\t\t\t<\/div>\n\t\t\t\t\t<\/div>\n\t\t\t\t<\/div>\n\t\t\t\t<\/div>\n\t\t","protected":false},"excerpt":{"rendered":"<p>Werter Besucher, liebe B\u00fcrgervereins &#8211; Mitglieder und Freunde. Der B\u00fcrgerverein\u00a0\u201eGangolf 2. Distrikt Bamberg e.V.\u201cz\u00e4hlt zu den urspr\u00fcnglich vier Distrikten, die eine mehr als 100j\u00e4hrige Geschichte nachweisen k\u00f6nnen.Heute gibt es neun Distrikte mit insgesamt 16 B\u00fcrgervereinen, die in einer Arbeitsgemeinschaft zusammen-geschlossen sind. Vereinsgr\u00fcndungen in neuester Zeit erfolgen vor allem in Neubaugebieten.Jeder B\u00fcrgerverein hat unterschiedliche Aufgaben und [&hellip;]<\/p>\n","protected":false},"author":1,"featured_media":14,"parent":0,"menu_order":1,"comment_status":"closed","ping_status":"closed","template":"","meta":{"footnotes":""},"class_list":["post-8","page","type-page","status-publish","has-post-thumbnail","hentry"],"_links":{"self":[{"href":"https:\/\/bv-gangolf.de\/index.php?rest_route=\/wp\/v2\/pages\/8","targetHints":{"allow":["GET"]}}],"collection":[{"href":"https:\/\/bv-gangolf.de\/index.php?rest_route=\/wp\/v2\/pages"}],"about":[{"href":"https:\/\/bv-gangolf.de\/index.php?rest_route=\/wp\/v2\/types\/page"}],"author":[{"embeddable":true,"href":"https:\/\/bv-gangolf.de\/index.php?rest_route=\/wp\/v2\/users\/1"}],"replies":[{"embeddable":true,"href":"https:\/\/bv-gangolf.de\/index.php?rest_route=%2Fwp%2Fv2%2Fcomments&post=8"}],"version-history":[{"count":10,"href":"https:\/\/bv-gangolf.de\/index.php?rest_route=\/wp\/v2\/pages\/8\/revisions"}],"predecessor-version":[{"id":42,"href":"https:\/\/bv-gangolf.de\/index.php?rest_route=\/wp\/v2\/pages\/8\/revisions\/42"}],"wp:featuredmedia":[{"embeddable":true,"href":"https:\/\/bv-gangolf.de\/index.php?rest_route=\/wp\/v2\/media\/14"}],"wp:attachment":[{"href":"https:\/\/bv-gangolf.de\/index.php?rest_route=%2Fwp%2Fv2%2Fmedia&parent=8"}],"curies":[{"name":"wp","href":"https:\/\/api.w.org\/{rel}","templated":true}]}}