{"id":27,"date":"2025-08-10T12:53:35","date_gmt":"2025-08-10T12:53:35","guid":{"rendered":"https:\/\/bv-gangolf.de\/?page_id=27"},"modified":"2025-08-26T16:56:55","modified_gmt":"2025-08-26T16:56:55","slug":"die-vorstandschaft","status":"publish","type":"page","link":"https:\/\/bv-gangolf.de\/?page_id=27","title":{"rendered":"Die Vorstandschaft"},"content":{"rendered":"<p><strong>1. Vorsitzender<\/strong><\/p>\n<ul>\n<li>Michael Kalb<\/li>\n<\/ul>\n<p><strong>2. Vorsitzender<\/strong><\/p>\n<ul>\n<li>Richard H\u00f6reth<\/li>\n<\/ul>\n<p><strong>3.Vorsitzender<\/strong><\/p>\n<ul>\n<li>Roland Butschek<\/li>\n<\/ul>\n<p><strong>1.Kassier<\/strong><\/p>\n<ul>\n<li>Johannes Kalb<\/li>\n<\/ul>\n<p><b>2.Kassier<\/b><\/p>\n<ul>\n<li>Reinhold Burkhard<\/li>\n<\/ul>\n<p><strong>1.Schriftf\u00fchrer<\/strong><\/p>\n<ul>\n<li>Oliver Heublein<\/li>\n<\/ul>\n<strong>2.Schriftf\u00fchrer<\/strong>\n<ul>\n<li>Niklas Butschek<\/li>\n<\/ul>\n<p><\/p>\n<p><\/p>\t\t\t\t\t\n\t\t\t\t\t<a href=\"https:\/\/www.facebook.com\/share\/g\/16rmZ8HNBs\/\" target=\"_blank\">\n\t\t\t\t\t\tFacebook\n\t\t\t\t\t\t<svg viewBox=\"0 0 512 512\" xmlns=\"http:\/\/www.w3.org\/2000\/svg\"><path d=\"M504 256C504 119 393 8 256 8S8 119 8 256c0 123.78 90.69 226.38 209.25 245V327.69h-63V256h63v-54.64c0-62.15 37-96.48 93.67-96.48 27.14 0 55.52 4.84 55.52 4.84v61h-31.28c-30.8 0-40.41 19.12-40.41 38.73V256h68.78l-11 71.69h-57.78V501C413.31 482.38 504 379.78 504 256z\"><\/path><\/svg>\t\t\t\t\t<\/a>","protected":false},"excerpt":{"rendered":"<p>1. Vorsitzender Michael Kalb 2. Vorsitzender Richard H\u00f6reth 3.Vorsitzender Roland Butschek 1.Kassier Johannes Kalb 2.Kassier Reinhold Burkhard 1.Schriftf\u00fchrer Oliver Heublein 2.Schriftf\u00fchrer Niklas Butschek Facebook<\/p>\n","protected":false},"author":1,"featured_media":14,"parent":0,"menu_order":2,"comment_status":"closed","ping_status":"closed","template":"","meta":{"footnotes":""},"class_list":["post-27","page","type-page","status-publish","has-post-thumbnail","hentry"],"_links":{"self":[{"href":"https:\/\/bv-gangolf.de\/index.php?rest_route=\/wp\/v2\/pages\/27","targetHints":{"allow":["GET"]}}],"collection":[{"href":"https:\/\/bv-gangolf.de\/index.php?rest_route=\/wp\/v2\/pages"}],"about":[{"href":"https:\/\/bv-gangolf.de\/index.php?rest_route=\/wp\/v2\/types\/page"}],"author":[{"embeddable":true,"href":"https:\/\/bv-gangolf.de\/index.php?rest_route=\/wp\/v2\/users\/1"}],"replies":[{"embeddable":true,"href":"https:\/\/bv-gangolf.de\/index.php?rest_route=%2Fwp%2Fv2%2Fcomments&post=27"}],"version-history":[{"count":7,"href":"https:\/\/bv-gangolf.de\/index.php?rest_route=\/wp\/v2\/pages\/27\/revisions"}],"predecessor-version":[{"id":56,"href":"https:\/\/bv-gangolf.de\/index.php?rest_route=\/wp\/v2\/pages\/27\/revisions\/56"}],"wp:featuredmedia":[{"embeddable":true,"href":"https:\/\/bv-gangolf.de\/index.php?rest_route=\/wp\/v2\/media\/14"}],"wp:attachment":[{"href":"https:\/\/bv-gangolf.de\/index.php?rest_route=%2Fwp%2Fv2%2Fmedia&parent=27"}],"curies":[{"name":"wp","href":"https:\/\/api.w.org\/{rel}","templated":true}]}}